{"id":1204,"date":"2025-05-19T08:51:28","date_gmt":"2025-05-19T08:51:28","guid":{"rendered":"https:\/\/blvoyage.com\/?page_id=1204"},"modified":"2025-07-10T22:30:12","modified_gmt":"2025-07-10T22:30:12","slug":"activities-accommodations-transferts","status":"publish","type":"page","link":"https:\/\/blvoyage.com\/en\/","title":{"rendered":"Discover the range of premium services we are proud to offer you."},"content":{"rendered":"<!DOCTYPE html>\n<html lang=\"fr\">\n<head>\n  <meta charset=\"UTF-8\">\n  <title>3 Bandes \u00c9l\u00e9gantes<\/title>\n  <style>\n    body {\n      font-family: 'Arial', sans-serif;\n      background-color: #ffffff;\n      margin: 0;\n      padding: 0px 0px;\n    }\n\n    .container {\n      margin-top: 60px;\n      display: flex;\n      flex-wrap: wrap;\n      justify-content: center;\n      gap: 30px;\n    }\n\n    .bande {\n      display: flex;\n      flex-direction: column;\n      align-items: center;\n      background-color: #e3eaf7;\n      padding: 5px;\n      border-radius: 16px;\n      box-shadow: 0 20px 20px rgba(0, 0, 0, 0.1);\n      max-width: 300px;\n      width: 100%;\n      transition: transform 0.3s ease;\n      text-decoration: none; \/* \u0646\u062d\u064a\u062f \u0627\u0644\u0633\u0637\u0631 \u0645\u0646 \u062a\u062d\u062a \u0627\u0644\u0631\u0627\u0628\u0637 *\/\n      color: inherit;         \/* \u0646\u062d\u0627\u0641\u0638 \u0639\u0644\u0649 \u0644\u0648\u0646 \u0627\u0644\u0646\u0635 \u0627\u0644\u0623\u0635\u0644\u064a *\/\n    }\n\n    .bande:hover {\n      transform: translateY(-5px);\n    }\n\n    .bande img {\n      width: 100%;\n      height: 180px;\n      object-fit: cover;\n      border-radius: 12px;\n      margin-bottom: 15px;\n    }\n\n    .bande h2 {\n      font-size: 20px;\n      color: #000000;\n      text-align: center;\n      margin: 0;\n    }\n  <\/style>\n<\/head>\n<body>\n\n  <div class=\"container\">\n\n    <!-- Bande 1: Transferts-->\n    <a href=\"https:\/\/blvoyage.com\/en\/transfers\/\" class=\"bande\">\n      <img decoding=\"async\" src=\"https:\/\/blvoyage.com\/wp-content\/uploads\/2025\/05\/car1-scaled.jpg\" alt=\"Transferts\">\n      <h2>Transfers<\/h2>\n    <\/a>\n\n    <!-- Bande 2: H\u00f4tels-->\n    <a href=\"https:\/\/exemple.com\/H\u00f4tels\" class=\"bande\">\n      <img decoding=\"async\" src=\"https:\/\/blvoyage.com\/wp-content\/uploads\/2025\/05\/pool-area-looking-away.jpg\" alt=\"H\u00f4tels\">\n      <h2>Hotels<\/h2>\n    <\/a>\n\n    <!-- Bande 3: Activit\u00e9s-->\n    <a href=\"https:\/\/blvoyage.com\/en\/activities\/\" class=\"bande\">\n      <img decoding=\"async\" src=\"https:\/\/blvoyage.com\/wp-content\/uploads\/2025\/05\/banner_mobile.jpg\" alt=\"Activit\u00e9s\">\n      <h2>Activities<\/h2>\n    <\/a>\n\n  <\/div>\n\n<\/body>\n<\/html>","protected":false},"excerpt":{"rendered":"<p>3 Bandes \u00c9l\u00e9gantes Transferts H\u00f4tels Activit\u00e9s<\/p>","protected":false},"author":1,"featured_media":0,"parent":0,"menu_order":0,"comment_status":"closed","ping_status":"closed","template":"","meta":{"footnotes":"[]"},"class_list":["post-1204","page","type-page","status-publish","hentry"],"_links":{"self":[{"href":"https:\/\/blvoyage.com\/en\/wp-json\/wp\/v2\/pages\/1204","targetHints":{"allow":["GET"]}}],"collection":[{"href":"https:\/\/blvoyage.com\/en\/wp-json\/wp\/v2\/pages"}],"about":[{"href":"https:\/\/blvoyage.com\/en\/wp-json\/wp\/v2\/types\/page"}],"author":[{"embeddable":true,"href":"https:\/\/blvoyage.com\/en\/wp-json\/wp\/v2\/users\/1"}],"replies":[{"embeddable":true,"href":"https:\/\/blvoyage.com\/en\/wp-json\/wp\/v2\/comments?post=1204"}],"version-history":[{"count":93,"href":"https:\/\/blvoyage.com\/en\/wp-json\/wp\/v2\/pages\/1204\/revisions"}],"predecessor-version":[{"id":1749,"href":"https:\/\/blvoyage.com\/en\/wp-json\/wp\/v2\/pages\/1204\/revisions\/1749"}],"wp:attachment":[{"href":"https:\/\/blvoyage.com\/en\/wp-json\/wp\/v2\/media?parent=1204"}],"curies":[{"name":"wp","href":"https:\/\/api.w.org\/{rel}","templated":true}]}}